{"id":2,"date":"2018-06-24T11:11:46","date_gmt":"2018-06-24T09:11:46","guid":{"rendered":"https:\/\/freizone.net\/java-einfach-lernen\/?page_id=2"},"modified":"2018-12-31T14:10:55","modified_gmt":"2018-12-31T13:10:55","slug":"beispiel-seite","status":"publish","type":"page","link":"https:\/\/freizone.net\/java-einfach-lernen\/","title":{"rendered":"Willkommen!"},"content":{"rendered":"<p>Hallo, auf diesen Seiten k\u00f6nnt Ihr Programmieren mithilfe der Sprache Java und anhand eines Zeichenprogramms, das immer umfangreicher wird, leicht erlernen.<\/p>\n<p>In diesem Tutorial wurde der Schwerpunkt darauf gelegt, dem Lernenden die notwendige Abstraktion einer Programmiersprache\u00a0 m\u00f6glichst anschaulich zu erkl\u00e4ren. Es sollte sich auch f\u00fcr Personen eignen, die weniger Freude an Mathematik und abstraktem Denken haben und hat auch zum Ziel den Spassfaktor daran etwas anzuheben.<\/p>\n<p>Neue Begriffe werden sofort im Kontext erkl\u00e4rt und Stellen wie &#8222;dazu kommen wir sp\u00e4ter&#8220; werden so gut wie m\u00f6glich vermieden. Es ist darauf ausgelegt, dem Lernenden ein permanentes Erfolgserlebnis zu geben.<\/p>\n<p>Zwischendurch werden kleine Aufgaben gestellt um das neue Wissen zu erproben und kreativ anzuwenden.<\/p>\n<p>Java eignet sich sehr gut als Einstieg in die Welt des Programmierens da verschiedene komplexe oder fehleranf\u00e4llige Techniken die man in Sprachen wie C oder C++ verwendet, automatisiert oder vermieden werden.<\/p>\n<p>Insgesamt ist Java eine sehr gelungene Sprache, welche sich auch nach vielen Jahren gro\u00dfer Beliebtheit erfreut. Nach dem Kurs hat man eine gute Grundlage um besser selbstst\u00e4ndig dazulernen zu k\u00f6nnen.<\/p>\n<p>Im ersten Kapitel werdet ihr einen groben \u00dcberblick dar\u00fcber erhalten wie ein Computer funktioniert. Im zweiten Kapitel sehen wir uns die Grundlagen der Programmierung an.<br \/>\nIn den n\u00e4chsten Kapiteln werden wir uns Java genauer ansehen, ein Java-Paket installieren und auch schon ein erstes Programm schreiben.<\/p>\n<p>&nbsp;<\/p>\n","protected":false},"excerpt":{"rendered":"<p>Hallo, auf diesen Seiten k\u00f6nnt Ihr Programmieren mithilfe der Sprache Java und anhand eines Zeichenprogramms, das immer umfangreicher wird, leicht erlernen. In diesem Tutorial wurde der Schwerpunkt darauf gelegt, dem Lernenden die notwendige Abstraktion einer Programmiersprache\u00a0 m\u00f6glichst anschaulich zu erkl\u00e4ren. Es sollte sich auch f\u00fcr Personen eignen, die weniger Freude an Mathematik und abstraktem Denken [&hellip;]<\/p>\n","protected":false},"author":1,"featured_media":0,"parent":0,"menu_order":0,"comment_status":"closed","ping_status":"open","template":"","meta":[],"_links":{"self":[{"href":"https:\/\/freizone.net\/java-einfach-lernen\/wp-json\/wp\/v2\/pages\/2"}],"collection":[{"href":"https:\/\/freizone.net\/java-einfach-lernen\/wp-json\/wp\/v2\/pages"}],"about":[{"href":"https:\/\/freizone.net\/java-einfach-lernen\/wp-json\/wp\/v2\/types\/page"}],"author":[{"embeddable":true,"href":"https:\/\/freizone.net\/java-einfach-lernen\/wp-json\/wp\/v2\/users\/1"}],"replies":[{"embeddable":true,"href":"https:\/\/freizone.net\/java-einfach-lernen\/wp-json\/wp\/v2\/comments?post=2"}],"version-history":[{"count":1,"href":"https:\/\/freizone.net\/java-einfach-lernen\/wp-json\/wp\/v2\/pages\/2\/revisions"}],"predecessor-version":[{"id":803,"href":"https:\/\/freizone.net\/java-einfach-lernen\/wp-json\/wp\/v2\/pages\/2\/revisions\/803"}],"wp:attachment":[{"href":"https:\/\/freizone.net\/java-einfach-lernen\/wp-json\/wp\/v2\/media?parent=2"}],"curies":[{"name":"wp","href":"https:\/\/api.w.org\/{rel}","templated":true}]}}